{"id":44886,"date":"2025-11-09T20:21:42","date_gmt":"2025-11-09T20:21:42","guid":{"rendered":"https:\/\/123keuzehulp.nl\/bonfix-alu-pers-systeembuis-16-x-20-rol-400-meter\/"},"modified":"2026-01-01T02:06:24","modified_gmt":"2026-01-01T02:06:24","slug":"bonfix-alu-pers-systeembuis-16-x-20-rol-400-meter","status":"publish","type":"product","link":"https:\/\/123installatieverhuur.nl\/?product=bonfix-alu-pers-systeembuis-16-x-20-rol-400-meter","title":{"rendered":"BONFIX Alu-pers systeembuis 16 x 2,0 rol 400 meter"},"content":{"rendered":"<p>Met Alu-pers koppelingen leg je eenvoudig en snel je waterleiding aan van al je sanitair!\u00a0<\/p>\n<p>Alu-knelkoppelingen zijn speciaal om te monteren op meerlagenbuis.<\/p>\n<p><\/p>\n<p><strong>Voordelen:<\/strong><\/p>\n<p><\/p>\n<p>De fitting en de buis bevat KIWA-ATA en KOMO keur Op het systeem zit 10 jaar garantie<\/p>\n<p>De fittingen zijn te dichten met de volgende profielbekken: TH &#8211; H &#8211; U &#8211; B &#8211; F en CH<\/p>\n<p>Tot en met de 32 mm ook met een handtang te dichten<\/p>\n<p>LBP &#8211; LeakBeforePressed functie<\/p>\n<p>Systeem is te gebruiken bij legionella preventie<\/p>\n<p>Iedere maat fitting heeft zijn eigen kleurcodering<\/p>\n<p>De fittingen en de buis voldoen aan de eisen van de Europesche UBA-list<\/p>\n<p>Alle draden zijn conisch uitgevoerd<\/p>\n<p><\/p>\n<p><strong>10 jaar systeemgarantie!<\/strong><\/p>\n<p><\/p>\n<p>De systeemgarantie is all\u00e9\u00e9n van kracht wanneer de buis \u00e9n de fitting afkomstig zijn van BONFIX en zijn ge\u00efnstalleerd volgens de installatievoorschriften van BONFIX met een goedgekeurde machine voorzien van TH &#8211; H &#8211; U &#8211; B &#8211; F en CH-profielbek of een handperstang met deze profielbekken. Op het systeem zit naast KIWA-ATA ook het KOMO-Keurmerk. KOMO is een collectief keurmerk dat in de Nederlandse bouw gebruikt wordt, zowel in Burgerlijke en Utiliteitsbouw als in Grond-,Wegen Waterbouw (GWW).<\/p>\n","protected":false},"excerpt":{"rendered":"<p>Systeembuis. 16 x 2,0.<\/p>\n","protected":false},"featured_media":927532,"template":"","meta":{"_acf_changed":false,"bwfblock_default_font":"","_lynqio_external_id":"7759"},"product_brand":[3298],"product_cat":[4588],"product_tag":[],"supplier":[],"class_list":{"0":"post-44886","1":"product","2":"type-product","3":"status-publish","4":"has-post-thumbnail","6":"product_brand-bonfix","7":"product_cat-alu-persbuizen-en-knelbuizen-leidingsystemen","9":"first","10":"instock","11":"taxable","12":"shipping-taxable","13":"purchasable","14":"product-type-simple"},"acf":[],"_links":{"self":[{"href":"https:\/\/123installatieverhuur.nl\/index.php?rest_route=\/wp\/v2\/product\/44886","targetHints":{"allow":["GET"]}}],"collection":[{"href":"https:\/\/123installatieverhuur.nl\/index.php?rest_route=\/wp\/v2\/product"}],"about":[{"href":"https:\/\/123installatieverhuur.nl\/index.php?rest_route=\/wp\/v2\/types\/product"}],"wp:featuredmedia":[{"embeddable":true,"href":"https:\/\/123installatieverhuur.nl\/index.php?rest_route=\/wp\/v2\/media\/927532"}],"wp:attachment":[{"href":"https:\/\/123installatieverhuur.nl\/index.php?rest_route=%2Fwp%2Fv2%2Fmedia&parent=44886"}],"wp:term":[{"taxonomy":"product_brand","embeddable":true,"href":"https:\/\/123installatieverhuur.nl\/index.php?rest_route=%2Fwp%2Fv2%2Fproduct_brand&post=44886"},{"taxonomy":"product_cat","embeddable":true,"href":"https:\/\/123installatieverhuur.nl\/index.php?rest_route=%2Fwp%2Fv2%2Fproduct_cat&post=44886"},{"taxonomy":"product_tag","embeddable":true,"href":"https:\/\/123installatieverhuur.nl\/index.php?rest_route=%2Fwp%2Fv2%2Fproduct_tag&post=44886"},{"taxonomy":"supplier","embeddable":true,"href":"https:\/\/123installatieverhuur.nl\/index.php?rest_route=%2Fwp%2Fv2%2Fsupplier&post=44886"}],"curies":[{"name":"wp","href":"https:\/\/api.w.org\/{rel}","templated":true}]}}